{"id":7968,"date":"2020-04-11T08:36:29","date_gmt":"2020-04-11T08:36:29","guid":{"rendered":"https:\/\/www.gavias-theme.com\/wp\/indutri\/?page_id=7968"},"modified":"2024-07-10T15:10:43","modified_gmt":"2024-07-10T12:10:43","slug":"news","status":"publish","type":"page","link":"https:\/\/drcihankaya.com\/index.php\/news\/","title":{"rendered":"Bilgiler"},"content":{"rendered":"\t\t<div data-elementor-type=\"wp-page\" data-elementor-id=\"7968\" class=\"elementor elementor-7968\">\n\t\t\t\t\t\t<section class=\"elementor-section elementor-top-section elementor-element elementor-element-adc65de elementor-section-boxed elementor-section-height-default elementor-section-height-default\" data-id=\"adc65de\" data-element_type=\"section\">\n\t\t\t\t\t\t<div class=\"elementor-container elementor-column-gap-default\">\n\t\t\t\t\t<div class=\"elementor-column elementor-col-100 elementor-top-column elementor-element elementor-element-474e27b top column-style-top\" data-id=\"474e27b\" data-element_type=\"column\">\n\t\t\t<div class=\"elementor-widget-wrap elementor-element-populated\">\n\t\t\t\t\t\t<div class=\"elementor-element elementor-element-a83bab2 elementor-widget elementor-widget-gva-posts\" data-id=\"a83bab2\" data-element_type=\"widget\" data-widget_type=\"gva-posts.default\">\n\t\t\t\t<div class=\"elementor-widget-container\">\n\t\t\t<div class=\"gva-element-gva-posts gva-element\">  \r\n  <div class=\"gva-posts-grid clearfix gva-posts\">\r\n      <div class=\"gva-content-items\"> \r\n        <div class=\"lg-block-grid-3 md-block-grid-3 sm-block-grid-2 xs-block-grid-1 xx-block-grid-1\">\r\n          \n<div class=\"all uncategorized-tr  item-columns\">\n   <article id=\"post-14697\" class=\"post-14697 post type-post status-publish format-standard hentry category-uncategorized-tr\">\n      <div class=\"post-block post-style-1\">\n         <div class=\"post-thumbnail\">\n            <a href=\"https:\/\/drcihankaya.com\/index.php\/2026\/04\/17\/decouvrez-les-programmes-de-fidelite-de-casinostars-casino-et-leurs-recompenses\/\">\n                           <\/a>   \n         <\/div>   \n\n         <div class=\"entry-content\">\n            <div class=\"content-inner\">\n               <div class=\"entry-meta\">\n                  \n    <div class=\"meta-inline\"><span class=\"entry-date\">17 Nisan 2026<\/span><\/div>               <\/div> \n               <h2 class=\"entry-title\"><a href=\"https:\/\/drcihankaya.com\/index.php\/2026\/04\/17\/decouvrez-les-programmes-de-fidelite-de-casinostars-casino-et-leurs-recompenses\/\" rel=\"bookmark\">D\u00e9couvrez les programmes de fid\u00e9lit\u00e9 de Casinostars casino et leurs r\u00e9compenses<\/a><\/h2>\n            <\/div>\n         <\/div>\n      <\/div>   \n   <\/article>   \n<\/div>\n\n  \n<div class=\"all uncategorized-tr  item-columns\">\n   <article id=\"post-14686\" class=\"post-14686 post type-post status-publish format-standard hentry category-uncategorized-tr\">\n      <div class=\"post-block post-style-1\">\n         <div class=\"post-thumbnail\">\n            <a href=\"https:\/\/drcihankaya.com\/index.php\/2026\/04\/12\/guide-complet-du-casino-en-ligne-tout-ce-que-vous-devez-savoir-avant-de-jouer-5\/\">\n                           <\/a>   \n         <\/div>   \n\n         <div class=\"entry-content\">\n            <div class=\"content-inner\">\n               <div class=\"entry-meta\">\n                  \n    <div class=\"meta-inline\"><span class=\"entry-date\">12 Nisan 2026<\/span><\/div>               <\/div> \n               <h2 class=\"entry-title\"><a href=\"https:\/\/drcihankaya.com\/index.php\/2026\/04\/12\/guide-complet-du-casino-en-ligne-tout-ce-que-vous-devez-savoir-avant-de-jouer-5\/\" rel=\"bookmark\">Guide complet du casino en ligne \u2013 Tout ce que vous devez savoir avant de jouer<\/a><\/h2>\n            <\/div>\n         <\/div>\n      <\/div>   \n   <\/article>   \n<\/div>\n\n  \n<div class=\"all uncategorized-tr  item-columns\">\n   <article id=\"post-14623\" class=\"post-14623 post type-post status-publish format-standard hentry category-uncategorized-tr\">\n      <div class=\"post-block post-style-1\">\n         <div class=\"post-thumbnail\">\n            <a href=\"https:\/\/drcihankaya.com\/index.php\/2026\/04\/10\/die-besten-tipps-fur-einen-erfolgreichen-start-im-casino-wintopia\/\">\n                           <\/a>   \n         <\/div>   \n\n         <div class=\"entry-content\">\n            <div class=\"content-inner\">\n               <div class=\"entry-meta\">\n                  \n    <div class=\"meta-inline\"><span class=\"entry-date\">10 Nisan 2026<\/span><\/div>               <\/div> \n               <h2 class=\"entry-title\"><a href=\"https:\/\/drcihankaya.com\/index.php\/2026\/04\/10\/die-besten-tipps-fur-einen-erfolgreichen-start-im-casino-wintopia\/\" rel=\"bookmark\">Die besten Tipps f\u00fcr einen erfolgreichen Start im Casino Wintopia<\/a><\/h2>\n            <\/div>\n         <\/div>\n      <\/div>   \n   <\/article>   \n<\/div>\n\n  \n<div class=\"all uncategorized-tr  item-columns\">\n   <article id=\"post-14619\" class=\"post-14619 post type-post status-publish format-standard hentry category-uncategorized-tr\">\n      <div class=\"post-block post-style-1\">\n         <div class=\"post-thumbnail\">\n            <a href=\"https:\/\/drcihankaya.com\/index.php\/2026\/04\/09\/sanning-aterbetala-och-vip-politisk-plattform-sweden-spin-win-refule-casino\/\">\n                           <\/a>   \n         <\/div>   \n\n         <div class=\"entry-content\">\n            <div class=\"content-inner\">\n               <div class=\"entry-meta\">\n                  \n    <div class=\"meta-inline\"><span class=\"entry-date\">9 Nisan 2026<\/span><\/div>               <\/div> \n               <h2 class=\"entry-title\"><a href=\"https:\/\/drcihankaya.com\/index.php\/2026\/04\/09\/sanning-aterbetala-och-vip-politisk-plattform-sweden-spin-win-refule-casino\/\" rel=\"bookmark\">Sanning \u00c5terbetala Och VIP Politisk Plattform &#8212; Sweden Spin &#038; Win refule casino<\/a><\/h2>\n            <\/div>\n         <\/div>\n      <\/div>   \n   <\/article>   \n<\/div>\n\n  \n<div class=\"all uncategorized-tr  item-columns\">\n   <article id=\"post-14617\" class=\"post-14617 post type-post status-publish format-standard hentry category-uncategorized-tr\">\n      <div class=\"post-block post-style-1\">\n         <div class=\"post-thumbnail\">\n            <a href=\"https:\/\/drcihankaya.com\/index.php\/2026\/04\/09\/welche-typewrite-von-plot-personify-usable-at-fg777-casino-_-deutschland-start-spinning-online-casino-beep-beep\/\">\n                           <\/a>   \n         <\/div>   \n\n         <div class=\"entry-content\">\n            <div class=\"content-inner\">\n               <div class=\"entry-meta\">\n                  \n    <div class=\"meta-inline\"><span class=\"entry-date\">9 Nisan 2026<\/span><\/div>               <\/div> \n               <h2 class=\"entry-title\"><a href=\"https:\/\/drcihankaya.com\/index.php\/2026\/04\/09\/welche-typewrite-von-plot-personify-usable-at-fg777-casino-_-deutschland-start-spinning-online-casino-beep-beep\/\" rel=\"bookmark\">Welche Typewrite Von Plot Personify Usable At FG777 Casino _ Deutschland Start Spinning Online Casino Beep Beep<\/a><\/h2>\n            <\/div>\n         <\/div>\n      <\/div>   \n   <\/article>   \n<\/div>\n\n  \n<div class=\"all uncategorized-tr  item-columns\">\n   <article id=\"post-14615\" class=\"post-14615 post type-post status-publish format-standard hentry category-uncategorized-tr\">\n      <div class=\"post-block post-style-1\">\n         <div class=\"post-thumbnail\">\n            <a href=\"https:\/\/drcihankaya.com\/index.php\/2026\/04\/09\/stoly-ocena-i-istniec-kasyno-hazardowe-_-rzeczpospolita-polska-get-free-bonus-luckylegends-online-casino\/\">\n                           <\/a>   \n         <\/div>   \n\n         <div class=\"entry-content\">\n            <div class=\"content-inner\">\n               <div class=\"entry-meta\">\n                  \n    <div class=\"meta-inline\"><span class=\"entry-date\">9 Nisan 2026<\/span><\/div>               <\/div> \n               <h2 class=\"entry-title\"><a href=\"https:\/\/drcihankaya.com\/index.php\/2026\/04\/09\/stoly-ocena-i-istniec-kasyno-hazardowe-_-rzeczpospolita-polska-get-free-bonus-luckylegends-online-casino\/\" rel=\"bookmark\">Sto\u0142y Ocena I Istnie\u0107 Kasyno Hazardowe _ Rzeczpospolita Polska Get Free Bonus luckylegends online casino<\/a><\/h2>\n            <\/div>\n         <\/div>\n      <\/div>   \n   <\/article>   \n<\/div>\n\n          <\/div>\r\n      <\/div>\r\n                <div class=\"pagination\">\r\n              <div class=\"column one pager_wrapper\"><div class=\"pager\"><div class=\"paginations\"><a href=\"https:\/\/drcihankaya.com\/index.php\/wp-json\/wp\/v2\/pages\/7968\/\" class=\"page-item active\">1<\/a><a href=\"https:\/\/drcihankaya.com\/index.php\/wp-json\/wp\/v2\/pages\/7968\/page\/2\/\" class=\"page-item\">2<\/a><a href=\"https:\/\/drcihankaya.com\/index.php\/wp-json\/wp\/v2\/pages\/7968\/page\/3\/\" class=\"page-item\">3<\/a><span class=\"page-item\">... <\/span><a href=\"https:\/\/drcihankaya.com\/index.php\/wp-json\/wp\/v2\/pages\/7968\/page\/147\/\" class=\"page-item\">147<\/a><a class=\"next_page\" href=\"https:\/\/drcihankaya.com\/index.php\/wp-json\/wp\/v2\/pages\/7968\/page\/2\/\"><i class=\"fas fa-chevron-right\"><\/i><\/a><\/div><\/div><\/div>\n          <\/div>\r\n        <\/div>\r\n  <\/div>\t\t<\/div>\n\t\t\t\t<\/div>\n\t\t\t\t\t<\/div>\n\t\t<\/div>\n\t\t\t\t\t<\/div>\n\t\t<\/section>\n\t\t\t\t<\/div>\n\t\t","protected":false},"excerpt":{"rendered":"<p>January 3, 2016-1 comment We Believe in Building Long Lasting our Business Relationships January 3, 2016-0 comments Digital technology internships a win for students and businesses January 3, 2016-0 comments [&hellip;]<\/p>\n","protected":false},"author":1,"featured_media":0,"parent":0,"menu_order":0,"comment_status":"closed","ping_status":"closed","template":"","meta":{"footnotes":""},"class_list":["post-7968","page","type-page","status-publish","hentry"],"_links":{"self":[{"href":"https:\/\/drcihankaya.com\/index.php\/wp-json\/wp\/v2\/pages\/7968","targetHints":{"allow":["GET"]}}],"collection":[{"href":"https:\/\/drcihankaya.com\/index.php\/wp-json\/wp\/v2\/pages"}],"about":[{"href":"https:\/\/drcihankaya.com\/index.php\/wp-json\/wp\/v2\/types\/page"}],"author":[{"embeddable":true,"href":"https:\/\/drcihankaya.com\/index.php\/wp-json\/wp\/v2\/users\/1"}],"replies":[{"embeddable":true,"href":"https:\/\/drcihankaya.com\/index.php\/wp-json\/wp\/v2\/comments?post=7968"}],"version-history":[{"count":1,"href":"https:\/\/drcihankaya.com\/index.php\/wp-json\/wp\/v2\/pages\/7968\/revisions"}],"predecessor-version":[{"id":10862,"href":"https:\/\/drcihankaya.com\/index.php\/wp-json\/wp\/v2\/pages\/7968\/revisions\/10862"}],"wp:attachment":[{"href":"https:\/\/drcihankaya.com\/index.php\/wp-json\/wp\/v2\/media?parent=7968"}],"curies":[{"name":"wp","href":"https:\/\/api.w.org\/{rel}","templated":true}]}}