{"id":12835,"date":"2016-03-07T03:11:04","date_gmt":"2016-03-07T00:11:04","guid":{"rendered":"https:\/\/drcihankaya.com\/index.php\/about-me\/"},"modified":"2025-01-08T17:58:51","modified_gmt":"2025-01-08T14:58:51","slug":"about-me","status":"publish","type":"page","link":"https:\/\/drcihankaya.com\/en\/index.php\/about-me\/","title":{"rendered":"About me"},"content":{"rendered":"\t\t<div data-elementor-type=\"wp-post\" data-elementor-id=\"12835\" class=\"elementor elementor-12835 elementor-10720\">\n\t\t\t\t<div class=\"elementor-element elementor-element-bca525d e-flex e-con-boxed e-con e-parent\" data-id=\"bca525d\" data-element_type=\"container\">\n\t\t\t\t\t<div class=\"e-con-inner\">\n\t\t<div class=\"elementor-element elementor-element-cc36fa2 e-con-full e-flex e-con e-child\" data-id=\"cc36fa2\" data-element_type=\"container\">\n\t\t\t\t<div class=\"elementor-element elementor-element-e2fe401 elementor-widget elementor-widget-text-editor\" data-id=\"e2fe401\" data-element_type=\"widget\" data-widget_type=\"text-editor.default\">\n\t\t\t\t<div class=\"elementor-widget-container\">\n\t\t\t<style>\/*! elementor - v3.23.0 - 15-07-2024 *\/\n.elementor-widget-text-editor.elementor-drop-cap-view-stacked .elementor-drop-cap{background-color:#69727d;color:#fff}.elementor-widget-text-editor.elementor-drop-cap-view-framed .elementor-drop-cap{color:#69727d;border:3px solid;background-color:transparent}.elementor-widget-text-editor:not(.elementor-drop-cap-view-default) .elementor-drop-cap{margin-top:8px}.elementor-widget-text-editor:not(.elementor-drop-cap-view-default) .elementor-drop-cap-letter{width:1em;height:1em}.elementor-widget-text-editor .elementor-drop-cap{float:left;text-align:center;line-height:1;font-size:50px}.elementor-widget-text-editor .elementor-drop-cap-letter{display:inline-block}<\/style>\t\t\t\t<p style=\"text-align: justify;\">I was born in 1984 in Mersin-Tarsus. I graduated from \u00c7ukurova University Faculty of Medicine in 2008. I completed my Gynecology and Obstetrics specialization training at Bak\u0131rk\u00f6y Dr Sadi Konuk Training and Research Hospital Gynecology and Obstetrics Clinic between 2009-2013. After my specialization training, I completed my compulsory service as a Gynecology and Obstetrics Specialist at Van \u00d6zalp State Hospital between 2014-2015. I worked at Haseki Training and Research Hospital for 3 months in 2015. After passing the Chief Resident exam in 2015, I started working as a Chief Resident at Bak\u0131rk\u00f6y Dr Sadi Konuk Training and Research Hospital Gynecology and Obstetrics Clinic, where I specialized. In 2015, I received the Advanced Laparoscopic Surgery Certificate from IRCAD-Strasburg and worked at the Endometriosis polyclinic. In 2016, I received the European Board &amp; College of Obstetrics and Gynaecology certificate. I graduated from the Clinical Embryology Thesis Master&#8217;s Degree at Istanbul Yeni Y\u00fczy\u0131l University between 2015-2017. In 2016, I received Natural Orifice (Surgeries performed using body openings without making an incision in the abdominal wall) Surgery training in Belgium and became the first practitioner in our country. In 2018, I completed my In Vitro Fertilization Training by working at G\u00fclhane Training and Research Hospital&#8217;s Assisted Reproductive Treatments Unit. In the same year, I received the title of Associate Professor in the field of Obstetrics and Gynaecology as a result of the evaluation of my scientific studies. In 2021, I started working as a Lecturer at Bak\u0131rk\u00f6y Dr Sadi Konuk Training and Research Hospital&#8217;s Obstetrics and Gynaecology Clinic. Between July 2021 and 2024, I worked at Ac\u0131badem Bak\u0131rk\u00f6y Hospital, which is part of Ac\u0131badem Healthcare Group. In 2024, I was appointed as a Professor at the Department of Obstetrics and Gynecology at Istanbul Aydin University Faculty of Medicine and I give lectures on my field of expertise to medical students. In order to better assist patients with chronic diseases or post-operative recovery, I completed the Harvard University Nutrition and Wellness training. In 2024, I provide services to my patients in my clinic, which was established to find solutions to every problem related to women&#8217;s health. In addition, I completed the Photography and Videography, Web Design and Coding, and Justice Associate Degree Programs. I have over 200 scientific studies published in domestic and international refereed scientific journals, served as a referee in these journals, edited books on gynecological surgeries, and wrote book chapters.<\/p>\t\t\t\t\t\t<\/div>\n\t\t\t\t<\/div>\n\t\t\t\t<\/div>\n\t\t<div class=\"elementor-element elementor-element-04cb6ee e-con-full e-flex e-con e-child\" data-id=\"04cb6ee\" data-element_type=\"container\">\n\t\t\t\t<div class=\"elementor-element elementor-element-e3c6223 elementor-widget elementor-widget-image\" data-id=\"e3c6223\" data-element_type=\"widget\" data-widget_type=\"image.default\">\n\t\t\t\t<div class=\"elementor-widget-container\">\n\t\t\t<style>\/*! elementor - v3.23.0 - 15-07-2024 *\/\n.elementor-widget-image{text-align:center}.elementor-widget-image a{display:inline-block}.elementor-widget-image a img[src$=\".svg\"]{width:48px}.elementor-widget-image img{vertical-align:middle;display:inline-block}<\/style>\t\t\t\t\t\t\t\t\t\t<img fetchpriority=\"high\" decoding=\"async\" width=\"682\" height=\"1024\" src=\"https:\/\/drcihankaya.com\/wp-content\/uploads\/2025\/01\/dr-cihan-kaya-682x1024.jpg\" class=\"attachment-large size-large wp-image-13195\" alt=\"\" srcset=\"https:\/\/drcihankaya.com\/wp-content\/uploads\/2025\/01\/dr-cihan-kaya-682x1024.jpg 682w, https:\/\/drcihankaya.com\/wp-content\/uploads\/2025\/01\/dr-cihan-kaya-768x1153.jpg 768w, https:\/\/drcihankaya.com\/wp-content\/uploads\/2025\/01\/dr-cihan-kaya.jpg 1066w\" sizes=\"(max-width: 682px) 100vw, 682px\" \/>\t\t\t\t\t\t\t\t\t\t\t\t\t<\/div>\n\t\t\t\t<\/div>\n\t\t\t\t<\/div>\n\t\t\t\t\t<\/div>\n\t\t\t\t<\/div>\n\t\t\t\t<\/div>\n\t\t","protected":false},"excerpt":{"rendered":"<p>I was born in 1984 in Mersin-Tarsus. I graduated from \u00c7ukurova University Faculty of Medicine in 2008. I completed my Gynecology and Obstetrics specialization training at Bak\u0131rk\u00f6y Dr Sadi Konuk [&hellip;]<\/p>\n","protected":false},"author":1,"featured_media":0,"parent":0,"menu_order":0,"comment_status":"closed","ping_status":"closed","template":"","meta":{"footnotes":""},"class_list":["post-12835","page","type-page","status-publish","hentry"],"_links":{"self":[{"href":"https:\/\/drcihankaya.com\/en\/index.php\/wp-json\/wp\/v2\/pages\/12835","targetHints":{"allow":["GET"]}}],"collection":[{"href":"https:\/\/drcihankaya.com\/en\/index.php\/wp-json\/wp\/v2\/pages"}],"about":[{"href":"https:\/\/drcihankaya.com\/en\/index.php\/wp-json\/wp\/v2\/types\/page"}],"author":[{"embeddable":true,"href":"https:\/\/drcihankaya.com\/en\/index.php\/wp-json\/wp\/v2\/users\/1"}],"replies":[{"embeddable":true,"href":"https:\/\/drcihankaya.com\/en\/index.php\/wp-json\/wp\/v2\/comments?post=12835"}],"version-history":[{"count":7,"href":"https:\/\/drcihankaya.com\/en\/index.php\/wp-json\/wp\/v2\/pages\/12835\/revisions"}],"predecessor-version":[{"id":13215,"href":"https:\/\/drcihankaya.com\/en\/index.php\/wp-json\/wp\/v2\/pages\/12835\/revisions\/13215"}],"wp:attachment":[{"href":"https:\/\/drcihankaya.com\/en\/index.php\/wp-json\/wp\/v2\/media?parent=12835"}],"curies":[{"name":"wp","href":"https:\/\/api.w.org\/{rel}","templated":true}]}}