{"id":12837,"date":"2016-03-07T03:11:04","date_gmt":"2016-03-07T00:11:04","guid":{"rendered":"https:\/\/drcihankaya.com\/index.php\/ueber-mich\/"},"modified":"2025-01-08T17:59:53","modified_gmt":"2025-01-08T14:59:53","slug":"ueber-mich","status":"publish","type":"page","link":"http:\/\/drcihankaya.com\/de\/index.php\/ueber-mich\/","title":{"rendered":"\u00dcber mich"},"content":{"rendered":"\t\t<div data-elementor-type=\"wp-post\" data-elementor-id=\"12837\" class=\"elementor elementor-12837 elementor-10720\">\n\t\t\t\t<div class=\"elementor-element elementor-element-bca525d e-flex e-con-boxed e-con e-parent\" data-id=\"bca525d\" data-element_type=\"container\">\n\t\t\t\t\t<div class=\"e-con-inner\">\n\t\t<div class=\"elementor-element elementor-element-cc36fa2 e-con-full e-flex e-con e-child\" data-id=\"cc36fa2\" data-element_type=\"container\">\n\t\t\t\t<div class=\"elementor-element elementor-element-e2fe401 elementor-widget elementor-widget-text-editor\" data-id=\"e2fe401\" data-element_type=\"widget\" data-widget_type=\"text-editor.default\">\n\t\t\t\t<div class=\"elementor-widget-container\">\n\t\t\t<style>\/*! elementor - v3.23.0 - 15-07-2024 *\/\n.elementor-widget-text-editor.elementor-drop-cap-view-stacked .elementor-drop-cap{background-color:#69727d;color:#fff}.elementor-widget-text-editor.elementor-drop-cap-view-framed .elementor-drop-cap{color:#69727d;border:3px solid;background-color:transparent}.elementor-widget-text-editor:not(.elementor-drop-cap-view-default) .elementor-drop-cap{margin-top:8px}.elementor-widget-text-editor:not(.elementor-drop-cap-view-default) .elementor-drop-cap-letter{width:1em;height:1em}.elementor-widget-text-editor .elementor-drop-cap{float:left;text-align:center;line-height:1;font-size:50px}.elementor-widget-text-editor .elementor-drop-cap-letter{display:inline-block}<\/style>\t\t\t\t<p style=\"text-align: justify;\">Ich wurde 1984 in Mersin-Tarsus geboren. Ich habe 2008 mein Studium an der medizinischen Fakult\u00e4t der Universit\u00e4t \u00c7ukurova abgeschlossen. Zwischen 2009 und 2013 absolvierte ich meine Fachausbildung f\u00fcr Gyn\u00e4kologie und Geburtshilfe an der Klinik f\u00fcr Gyn\u00e4kologie und Geburtshilfe im Trainings- und Forschungskrankenhaus Dr. Sadi Konuk in Bak\u0131rk\u00f6y. Nach der Facharztausbildung absolvierte ich zwischen 2014 und 2015 meinen Pflichtdienst als Fach\u00e4rztin f\u00fcr Gyn\u00e4kologie und Geburtshilfe am Van \u00d6zalp State Hospital. Im Jahr 2015 arbeitete ich drei Monate lang im Haseki Training and Research Hospital. Nachdem ich 2015 die Pr\u00fcfung zum Oberassistenten bestanden hatte, begann ich als Oberassistent in der Klinik f\u00fcr Gyn\u00e4kologie und Geburtshilfe des Ausbildungs- und Forschungskrankenhauses Dr. Sadi Konuk in Bak\u0131rk\u00f6y zu arbeiten, wo ich mich spezialisierte. Im Jahr 2015 erhielt ich das Advanced Laparoscopic Surgery Certificate am IRCAD-Strasburg und arbeitete in der Endometriose-Poliklinik. Im Jahr 2016 erhielt ich das Zertifikat des European Board &amp; College of Obstetrics and Gynecology. Zwischen 2015 und 2017 schloss ich mein Studium an der Abteilung f\u00fcr klinische Embryologie mit einer Abschlussarbeit an der Yeni Y\u00fczy\u0131l-Universit\u00e4t Istanbul ab. Im Jahr 2016 absolvierte ich in Belgien eine Ausbildung zur Chirurgie nat\u00fcrlicher K\u00f6rper\u00f6ffnungen (Operationen, bei denen K\u00f6rper\u00f6ffnungen ohne einen Einschnitt in die Bauchdecke durchgef\u00fchrt werden) und wurde der erste praktizierende Arzt in unserem Land. Im Jahr 2018 schloss ich meine Ausbildung zur In-vitro-Fertilisation ab, indem ich in der Abteilung f\u00fcr assistierte Reproduktionsbehandlungen des G\u00fclhane Training and Research Hospital arbeitete. Als Ergebnis der Auswertung meiner im selben Jahr durchgef\u00fchrten wissenschaftlichen Studien erhielt ich den Titel eines au\u00dferordentlichen Professors im Fachgebiet Gyn\u00e4kologie und Geburtshilfe. Im Jahr 2021 begann ich als p\u00e4dagogischer Assistent am Bak\u0131rk\u00f6y Dr. Sadi Konuk Ausbildungs- und Forschungskrankenhaus, Klinik f\u00fcr Gyn\u00e4kologie und Geburtshilfe zu arbeiten. Ich habe zwischen Juli 2021 und 2024 im Ac\u0131badem Bak\u0131rk\u00f6y Krankenhaus gearbeitet, das zur Ac\u0131badem Health Group geh\u00f6rt. Im Jahr 2024 wurde ich zum Professor in der Abteilung f\u00fcr Geburtshilfe und Gyn\u00e4kologie an der medizinischen Fakult\u00e4t der Ayd\u0131n-Universit\u00e4t in Istanbul ernannt und halte vor Studierenden der medizinischen Fakult\u00e4t Vortr\u00e4ge \u00fcber mein Fachgebiet. Ich habe eine Ern\u00e4hrungs- und Wellness-Ausbildung an der Harvard University abgeschlossen, um den postoperativen Genesungsprozess unserer Patienten mit chronischen Krankheiten besser zu unterst\u00fctzen. Ich betreue meine Patientinnen in meiner Klinik, die 2024 gegr\u00fcndet wurde, um L\u00f6sungen f\u00fcr alle Probleme rund um die Gesundheit von Frauen zu finden. Dar\u00fcber hinaus habe ich die Studieng\u00e4nge \u201eFotografie und Videografie\u201c, \u201eWebdesign und Codierung\u201c und \u201eJustice Associate Degree\u201c abgeschlossen. Ich habe mehr als 200 wissenschaftliche Studien in nationalen und internationalen peer-reviewten wissenschaftlichen Fachzeitschriften ver\u00f6ffentlicht, war in diesen Fachzeitschriften als Gutachter t\u00e4tig und fungierte als Buchherausgeber und Buchkapitelautor \u00fcber gyn\u00e4kologische Operationen.<\/p>\t\t\t\t\t\t<\/div>\n\t\t\t\t<\/div>\n\t\t\t\t<\/div>\n\t\t<div class=\"elementor-element elementor-element-04cb6ee e-con-full e-flex e-con e-child\" data-id=\"04cb6ee\" data-element_type=\"container\">\n\t\t\t\t<div class=\"elementor-element elementor-element-e3c6223 elementor-widget elementor-widget-image\" data-id=\"e3c6223\" data-element_type=\"widget\" data-widget_type=\"image.default\">\n\t\t\t\t<div class=\"elementor-widget-container\">\n\t\t\t<style>\/*! elementor - v3.23.0 - 15-07-2024 *\/\n.elementor-widget-image{text-align:center}.elementor-widget-image a{display:inline-block}.elementor-widget-image a img[src$=\".svg\"]{width:48px}.elementor-widget-image img{vertical-align:middle;display:inline-block}<\/style>\t\t\t\t\t\t\t\t\t\t<img fetchpriority=\"high\" decoding=\"async\" width=\"682\" height=\"1024\" src=\"http:\/\/drcihankaya.com\/wp-content\/uploads\/2025\/01\/dr-cihan-kaya-682x1024.jpg\" class=\"attachment-large size-large wp-image-13196\" alt=\"\" srcset=\"http:\/\/drcihankaya.com\/wp-content\/uploads\/2025\/01\/dr-cihan-kaya-682x1024.jpg 682w, http:\/\/drcihankaya.com\/wp-content\/uploads\/2025\/01\/dr-cihan-kaya-768x1153.jpg 768w, http:\/\/drcihankaya.com\/wp-content\/uploads\/2025\/01\/dr-cihan-kaya.jpg 1066w\" sizes=\"(max-width: 682px) 100vw, 682px\" \/>\t\t\t\t\t\t\t\t\t\t\t\t\t<\/div>\n\t\t\t\t<\/div>\n\t\t\t\t<\/div>\n\t\t\t\t\t<\/div>\n\t\t\t\t<\/div>\n\t\t\t\t<\/div>\n\t\t","protected":false},"excerpt":{"rendered":"<p>Ich wurde 1984 in Mersin-Tarsus geboren. Ich habe 2008 mein Studium an der medizinischen Fakult\u00e4t der Universit\u00e4t \u00c7ukurova abgeschlossen. Zwischen 2009 und 2013 absolvierte ich meine Fachausbildung f\u00fcr Gyn\u00e4kologie und [&hellip;]<\/p>\n","protected":false},"author":1,"featured_media":0,"parent":0,"menu_order":0,"comment_status":"closed","ping_status":"closed","template":"","meta":{"footnotes":""},"class_list":["post-12837","page","type-page","status-publish","hentry"],"_links":{"self":[{"href":"http:\/\/drcihankaya.com\/de\/index.php\/wp-json\/wp\/v2\/pages\/12837","targetHints":{"allow":["GET"]}}],"collection":[{"href":"http:\/\/drcihankaya.com\/de\/index.php\/wp-json\/wp\/v2\/pages"}],"about":[{"href":"http:\/\/drcihankaya.com\/de\/index.php\/wp-json\/wp\/v2\/types\/page"}],"author":[{"embeddable":true,"href":"http:\/\/drcihankaya.com\/de\/index.php\/wp-json\/wp\/v2\/users\/1"}],"replies":[{"embeddable":true,"href":"http:\/\/drcihankaya.com\/de\/index.php\/wp-json\/wp\/v2\/comments?post=12837"}],"version-history":[{"count":7,"href":"http:\/\/drcihankaya.com\/de\/index.php\/wp-json\/wp\/v2\/pages\/12837\/revisions"}],"predecessor-version":[{"id":13218,"href":"http:\/\/drcihankaya.com\/de\/index.php\/wp-json\/wp\/v2\/pages\/12837\/revisions\/13218"}],"wp:attachment":[{"href":"http:\/\/drcihankaya.com\/de\/index.php\/wp-json\/wp\/v2\/media?parent=12837"}],"curies":[{"name":"wp","href":"https:\/\/api.w.org\/{rel}","templated":true}]}}